{"id":85,"date":"2025-10-06T16:20:34","date_gmt":"2025-10-06T09:20:34","guid":{"rendered":"https:\/\/chuyengiatamlyhoanghanh.tamlymienhaidang.com\/?page_id=85"},"modified":"2026-03-30T14:30:30","modified_gmt":"2026-03-30T07:30:30","slug":"lien-he","status":"publish","type":"page","link":"https:\/\/chuyengiatamlyhoanghanh.tamlymienhaidang.com\/index.php\/lien-he\/","title":{"rendered":"Li\u00ean h\u1ec7"},"content":{"rendered":"\n<div class=\"wp-block-cover alignfull is-light has-parallax is-style-dark has-neutral-950-color has-text-color has-link-color wp-elements-75d494cfbeec0fc98e12e087c70bb9af wp-duotone-unset-1\" style=\"min-height:480px;aspect-ratio:unset;\"><div class=\"wp-block-cover__image-background wp-image-1040 size-full has-parallax\" style=\"background-position:50% 50%;background-image:url(https:\/\/chuyengiatamlyhoanghanh.tamlymienhaidang.com\/wp-content\/uploads\/2026\/03\/321E3B2B-9418-4957-A2B5-F1C071A26D02.jpg)\"><\/div><span aria-hidden=\"true\" class=\"wp-block-cover__background has-neutral-0-background-color has-background-dim-70 has-background-dim\"><\/span><div class=\"wp-block-cover__inner-container has-global-padding is-layout-constrained wp-block-cover-is-layout-constrained\">\n<div style=\"height:52px\" aria-hidden=\"true\" class=\"wp-block-spacer\"><\/div>\n\n\n\n<div superb-addons-animation=\"fadeInUp\" class=\"wp-block-group has-neutral-0-color has-text-color has-background has-link-color wp-elements-61f3c422bb799ba60d97c6f296c42cb7 has-global-padding is-layout-constrained wp-container-core-group-is-layout-c7ab51ca wp-block-group-is-layout-constrained\" style=\"border-radius:8px;background-color:#272727a3;padding-top:0;padding-right:0;padding-bottom:0;padding-left:0;opacity: 0;\">\n<div style=\"height:43px\" aria-hidden=\"true\" class=\"wp-block-spacer\"><\/div>\n\n\n\n<div class=\"wp-block-columns is-layout-flex wp-container-core-columns-is-layout-28f84493 wp-block-columns-is-layout-flex\">\n<div class=\"wp-block-column is-layout-flow wp-block-column-is-layout-flow\">\n<h2 class=\"wp-block-heading has-text-color has-link-color wp-elements-53e91e803417809f09b026a8ef4df261\" style=\"color:#ffffff;padding-top:0;padding-right:0;padding-bottom:0;padding-left:0\">Li\u00ean h\u1ec7 c\u00f4ng vi\u1ec7c<\/h2>\n\n\n\n<figure class=\"wp-block-image aligncenter size-large is-resized\"><img loading=\"lazy\" decoding=\"async\" width=\"1024\" height=\"1024\" src=\"https:\/\/chuyengiatamlyhoanghanh.tamlymienhaidang.com\/wp-content\/uploads\/2025\/10\/IMG_0164-edited-1024x1024.jpg\" alt=\"\" class=\"wp-image-896\" style=\"width:186px;height:auto\" srcset=\"https:\/\/chuyengiatamlyhoanghanh.tamlymienhaidang.com\/wp-content\/uploads\/2025\/10\/IMG_0164-edited-1024x1024.jpg 1024w, https:\/\/chuyengiatamlyhoanghanh.tamlymienhaidang.com\/wp-content\/uploads\/2025\/10\/IMG_0164-edited-300x300.jpg 300w, https:\/\/chuyengiatamlyhoanghanh.tamlymienhaidang.com\/wp-content\/uploads\/2025\/10\/IMG_0164-edited-150x150.jpg 150w, https:\/\/chuyengiatamlyhoanghanh.tamlymienhaidang.com\/wp-content\/uploads\/2025\/10\/IMG_0164-edited-768x768.jpg 768w, https:\/\/chuyengiatamlyhoanghanh.tamlymienhaidang.com\/wp-content\/uploads\/2025\/10\/IMG_0164-edited-1536x1536.jpg 1536w, https:\/\/chuyengiatamlyhoanghanh.tamlymienhaidang.com\/wp-content\/uploads\/2025\/10\/IMG_0164-edited-2048x2048.jpg 2048w\" sizes=\"auto, (max-width: 1024px) 100vw, 1024px\" \/><\/figure>\n<\/div>\n\n\n\n<div class=\"wp-block-column is-layout-flow wp-block-column-is-layout-flow\">\n<p class=\"has-text-color has-link-color has-base-font-size wp-elements-8df62919a81b355d6b7f630d87ce31e0\" style=\"color:#ffffff;padding-top:0\">T\u00f4i nh\u1eadn li\u00ean h\u1ec7 c\u00f4ng vi\u1ec7c th\u00f4ng qua c\u00e1c h\u00ecnh th\u1ee9c sau:<\/p>\n\n\n<ul class=\"wp-block-list\" style=\"\">\n<li class=\"has-text-color has-link-color has-base-font-size wp-elements-8a1393412d43f55d82e2ed7424e48726\" style=\"color:#ffffff\">Email: hanhhoang.mienhaidang@gmail.com<\/li>\n\n\n\n<li class=\"has-text-color has-link-color has-base-font-size wp-elements-3e93e6a9ca48c154d87160c411197952\" style=\"color:#ffffff\">S&#7889; &#273;i&#7879;n tho&#7841;i\/ zalo: 097 785 9998<\/li>\n<\/ul>\n\n\n\n<p class=\"has-text-color has-link-color has-base-font-size wp-elements-b5a477051b4f95fa0267feb1a817420c\" style=\"color:#ffffff\">Ho\u1eb7c b\u1ea1n c\u00f3 th\u1ec3 li\u00ean h\u1ec7 t\u1edbi V\u0103n ph\u00f2ng t\u00e2m l\u00fd Mi\u1ec1n H\u1ea3i \u0110\u0103ng:<\/p>\n\n\n<ul class=\"wp-block-list\" style=\"\">\n<li class=\"has-text-color has-link-color has-base-font-size wp-elements-18e70df57b71d6bdc3a287dd9c54e238\" style=\"color:#ffffff\">&#272;&#7883;a ch&#7881;: S&#7889; 36, Ng&otilde; 15 Ph&#7889; V&#297;nh H&#7891;, Th&#7883;nh Quang, &#272;&#7889;ng &#272;a, H&agrave; N&#7897;i<\/li>\n\n\n\n<li class=\"has-text-color has-link-color has-base-font-size wp-elements-e2a083f507cc0c7677d1079ab7e61d90\" style=\"color:#ffffff\">S&#7889; &#273;i&#7879;n tho&#7841;i: 035 314 4822<\/li>\n\n\n\n<li class=\"has-text-color has-link-color wp-elements-fde7c01a78e5b5a9796641a98f5c97dc\" style=\"color:#f6f6f6;padding-bottom:var(--wp--preset--spacing--x-large);padding-left:0\">H&ograve;m th&#432;: cskh@tamlymienhaidang.com<\/li>\n<\/ul>\n<\/div>\n<\/div>\n<\/div>\n\n\n\n<div style=\"height:52px\" aria-hidden=\"true\" class=\"wp-block-spacer\"><\/div>\n<\/div><\/div>\n","protected":false},"excerpt":{"rendered":"","protected":false},"author":1,"featured_media":0,"parent":0,"menu_order":0,"comment_status":"closed","ping_status":"closed","template":"li-n-h-template","meta":{"_price":"","_stock":"","_tribe_ticket_header":"","_tribe_default_ticket_provider":"","_ticket_start_date":"","_ticket_end_date":"","_tribe_ticket_show_description":"","_tribe_ticket_show_not_going":false,"_tribe_ticket_use_global_stock":"","_tribe_ticket_global_stock_level":"","_global_stock_mode":"","_global_stock_cap":"","_tribe_rsvp_for_event":"","_tribe_ticket_going_count":"","_tribe_ticket_not_going_count":"","_tribe_tickets_list":"[]","_tribe_ticket_has_attendee_info_fields":false,"_EventAllDay":false,"_EventTimezone":"","_EventStartDate":"","_EventEndDate":"","_EventStartDateUTC":"","_EventEndDateUTC":"","_EventShowMap":false,"_EventShowMapLink":false,"_EventURL":"","_EventCost":"","_EventCostDescription":"","_EventCurrencySymbol":"","_EventCurrencyCode":"","_EventCurrencyPosition":"","_EventDateTimeSeparator":"","_EventTimeRangeSeparator":"","_EventOrganizerID":[],"_EventVenueID":[],"_OrganizerEmail":"","_OrganizerPhone":"","_OrganizerWebsite":"","_VenueAddress":"","_VenueCity":"","_VenueCountry":"","_VenueProvince":"","_VenueState":"","_VenueZip":"","_VenuePhone":"","_VenueURL":"","_VenueStateProvince":"","_VenueLat":"","_VenueLng":"","_VenueShowMap":false,"_VenueShowMapLink":false,"footnotes":"","_tec_slr_enabled":"","_tec_slr_layout":""},"class_list":["post-85","page","type-page","status-publish","hentry"],"ticketed":false,"_links":{"self":[{"href":"https:\/\/chuyengiatamlyhoanghanh.tamlymienhaidang.com\/index.php\/wp-json\/wp\/v2\/pages\/85","targetHints":{"allow":["GET"]}}],"collection":[{"href":"https:\/\/chuyengiatamlyhoanghanh.tamlymienhaidang.com\/index.php\/wp-json\/wp\/v2\/pages"}],"about":[{"href":"https:\/\/chuyengiatamlyhoanghanh.tamlymienhaidang.com\/index.php\/wp-json\/wp\/v2\/types\/page"}],"author":[{"embeddable":true,"href":"https:\/\/chuyengiatamlyhoanghanh.tamlymienhaidang.com\/index.php\/wp-json\/wp\/v2\/users\/1"}],"replies":[{"embeddable":true,"href":"https:\/\/chuyengiatamlyhoanghanh.tamlymienhaidang.com\/index.php\/wp-json\/wp\/v2\/comments?post=85"}],"version-history":[{"count":22,"href":"https:\/\/chuyengiatamlyhoanghanh.tamlymienhaidang.com\/index.php\/wp-json\/wp\/v2\/pages\/85\/revisions"}],"predecessor-version":[{"id":1144,"href":"https:\/\/chuyengiatamlyhoanghanh.tamlymienhaidang.com\/index.php\/wp-json\/wp\/v2\/pages\/85\/revisions\/1144"}],"wp:attachment":[{"href":"https:\/\/chuyengiatamlyhoanghanh.tamlymienhaidang.com\/index.php\/wp-json\/wp\/v2\/media?parent=85"}],"curies":[{"name":"wp","href":"https:\/\/api.w.org\/{rel}","templated":true}]}}