{"id":160,"date":"2025-07-22T05:39:05","date_gmt":"2025-07-22T05:39:05","guid":{"rendered":"https:\/\/chuyengiatamlyhoanghanh.tamlymienhaidang.com\/?page_id=160"},"modified":"2026-03-30T14:44:12","modified_gmt":"2026-03-30T07:44:12","slug":"ve-toi","status":"publish","type":"page","link":"https:\/\/chuyengiatamlyhoanghanh.tamlymienhaidang.com\/index.php\/ve-toi\/","title":{"rendered":"\u0110\u00f4i \u0111i\u1ec1u v\u1ec1 t\u00f4i."},"content":{"rendered":"\n<p>L\u00e0 m\u1ed9t nh\u00e0 tham v\u1ea5n \u2013 tr\u1ecb li\u1ec7u t\u00e2m l\u00fd, t\u00f4i \u0111\u1ebfn v\u1edbi ngh\u1ec1 t\u1eeb m\u1ed9t n\u1ed7i tr\u0103n tr\u1edf gi\u1ea3n d\u1ecb: \u0110i\u1ec1u g\u00ec gi\u1eef cho con ng\u01b0\u1eddi kh\u00f4ng g\u1ee5c ng\u00e3 tr\u01b0\u1edbc nh\u1eefng kh\u1ed5 \u0111au, v\u00e0 l\u00e0m th\u1ebf n\u00e0o \u0111\u1ec3 m\u1ed9t t\u00e2m h\u1ed3n t\u1ed5n th\u01b0\u01a1ng v\u1eabn c\u00f3 th\u1ec3 t\u00ecm th\u1ea5y \u00e1nh s\u00e1ng? T\u00f4i tin r\u1eb1ng, d\u00f9 \u1edf b\u1ea5t k\u1ef3 ho\u00e0n c\u1ea3nh n\u00e0o, con ng\u01b0\u1eddi v\u1eabn lu\u00f4n khao kh\u00e1t \u0111\u01b0\u1ee3c th\u1ea5u hi\u1ec3u, \u0111\u01b0\u1ee3c l\u1eafng nghe v\u00e0 \u0111\u01b0\u1ee3c nh\u00ecn nh\u1eadn nh\u01b0 m\u1ed9t gi\u00e1 tr\u1ecb tr\u1ecdn v\u1eb9n.<\/p>\n\n\n\n<p><br>Trong h\u00e0nh tr\u00ecnh h\u1ecdc t\u1eadp v\u00e0 l\u00e0m vi\u1ec7c, t\u00f4i l\u1ef1a ch\u1ecdn \u0111\u1ed3ng h\u00e0nh c\u00f9ng nh\u1eefng ai \u0111ang ph\u1ea3i \u0111\u1ed1i di\u1ec7n v\u1edbi lo \u00e2u, tr\u1ea7m c\u1ea3m, kh\u1ee7ng ho\u1ea3ng b\u1ea3n d\u1ea1ng, s\u1ef1 \u0111\u1ed5 v\u1ee1 trong c\u00e1c m\u1ed1i quan h\u1ec7 hay nh\u1eefng t\u1ed5n th\u01b0\u01a1ng g\u1eafn b\u00f3 s\u00e2u xa. T\u00f4i nh\u00ecn th\u1ea5y \u1edf h\u1ecd kh\u00f4ng ph\u1ea3i nh\u1eefng \u201cv\u1ea5n \u0111\u1ec1 c\u1ea7n s\u1eeda ch\u1eefa\u201d, m\u00e0 l\u00e0 nh\u1eefng c\u00e2u chuy\u1ec7n c\u1ea7n \u0111\u01b0\u1ee3c t\u00f4n tr\u1ecdng, nh\u1eefng v\u1ebft n\u1ee9t c\u1ea7n \u0111\u01b0\u1ee3c n\u00e2ng niu \u0111\u1ec3 \u00e1nh s\u00e1ng c\u00f3 th\u1ec3 \u0111i v\u00e0o.<\/p>\n\n\n\n<p><br>T\u00f4i \u0111\u01b0\u1ee3c \u0111\u00e0o t\u1ea1o ch\u00ednh quy v\u1ec1 t\u00e2m l\u00fd h\u1ecdc, tham v\u1ea5n v\u00e0 tr\u1ecb li\u1ec7u t\u00e2m l\u00fd, \u0111\u1ed3ng th\u1eddi t\u00edch l\u0169y kinh nghi\u1ec7m nhi\u1ec1u n\u0103m trong vi\u1ec7c \u0111\u1ed3ng h\u00e0nh v\u1edbi th\u00e2n ch\u1ee7 c\u00e1 nh\u00e2n c\u0169ng nh\u01b0 tham gia c\u00e1c d\u1ef1 \u00e1n c\u1ed9ng \u0111\u1ed3ng v\u1ec1 s\u1ee9c kh\u1ecfe tinh th\u1ea7n. M\u1ed7i bu\u1ed5i g\u1eb7p g\u1ee1, v\u1edbi t\u00f4i, kh\u00f4ng ch\u1ec9 l\u00e0 m\u1ed9t cu\u1ed9c tr\u00f2 chuy\u1ec7n ngh\u1ec1 nghi\u1ec7p m\u00e0 c\u00f2n l\u00e0 c\u01a1 h\u1ed9i \u0111\u1ec3 hai t\u00e2m h\u1ed3n ch\u1ea1m \u0111\u1ebfn nhau \u2013 trong s\u1ef1 tin c\u1eady, ch\u00e2n th\u00e0nh v\u00e0 b\u00ecnh \u0111\u1eb3ng.<\/p>\n\n\n\n<p><br>Tri\u1ebft l\u00fd l\u00e0m ngh\u1ec1 m\u00e0 t\u00f4i lu\u00f4n gi\u1eef cho ri\u00eang m\u00ecnh l\u00e0: tri th\u1ee9c l\u00e0 ng\u1ecdn l\u1eeda \u1ea5m, ch\u1ee9 kh\u00f4ng ph\u1ea3i v\u0169 kh\u00ed. T\u00f4i k\u1ebft h\u1ee3p nh\u1eefng ph\u01b0\u01a1ng ph\u00e1p khoa h\u1ecdc nh\u01b0 li\u1ec7u ph\u00e1p nh\u1eadn th\u1ee9c \u2013 h\u00e0nh vi, li\u1ec7u ph\u00e1p ch\u1ea5p nh\u1eadn v\u00e0 cam k\u1ebft, tr\u1ecb li\u1ec7u g\u1eafn b\u00f3 hay li\u1ec7u ph\u00e1p s\u01a1 \u0111\u1ed3, nh\u01b0ng tr\u00ean h\u1ebft, t\u00f4i \u0111\u1eb7t s\u1ef1 \u0111\u1ed3ng c\u1ea3m v\u00e0 t\u00ednh nh\u00e2n v\u0103n v\u00e0o t\u1eebng kho\u1ea3nh kh\u1eafc hi\u1ec7n di\u1ec7n. B\u1edfi t\u00f4i tin, ch\u1ec9 khi m\u1ed9t con ng\u01b0\u1eddi \u0111\u01b0\u1ee3c t\u1ef1 do l\u00e0 ch\u00ednh h\u1ecd, h\u1ecd m\u1edbi th\u1ef1c s\u1ef1 c\u00f3 c\u01a1 h\u1ed9i ch\u1eefa l\u00e0nh.<\/p>\n\n\n\n<p><br>\u0110i\u1ec1u khi\u1ebfn t\u00f4i bi\u1ebft \u01a1n nh\u1ea5t khi l\u00e0m ngh\u1ec1 ch\u00ednh l\u00e0 \u0111\u01b0\u1ee3c ch\u1ee9ng ki\u1ebfn nh\u1eefng thay \u0111\u1ed5i nh\u1ecf b\u00e9 nh\u01b0ng qu\u00fd gi\u00e1: m\u1ed9t \u00e1nh m\u1eaft s\u00e1ng h\u01a1n, m\u1ed9t n\u1ee5 c\u01b0\u1eddi tr\u1edf l\u1ea1i, hay \u0111\u01a1n gi\u1ea3n l\u00e0 m\u1ed9t gi\u00e2y ph\u00fat th\u00e2n ch\u1ee7 th\u1edf ra nh\u1eb9 nh\u00f5m. \u0110\u00f3 l\u00e0 l\u00fac t\u00f4i th\u1ea5y r\u00f5, d\u00f9 con \u0111\u01b0\u1eddng c\u00f3 d\u00e0i v\u00e0 g\u1eadp gh\u1ec1nh, nh\u01b0ng m\u1ed7i b\u01b0\u1edbc \u0111i c\u00f9ng nhau \u0111\u1ec1u mang \u00fd ngh\u0129a l\u1edbn lao.<\/p>\n\n\n\n<p><br>T\u00f4i tin r\u1eb1ng, b\u1ea1n \u2013 c\u0169ng nh\u01b0 m\u1ecdi con ng\u01b0\u1eddi \u2013 \u0111\u1ec1u c\u00f3 quy\u1ec1n \u0111\u01b0\u1ee3c h\u1ea1nh ph\u00fac v\u00e0 b\u00ecnh an. V\u00e0 n\u1ebfu c\u1ea7n m\u1ed9t ng\u01b0\u1eddi b\u1ea1n \u0111\u1ed3ng h\u00e0nh tr\u00ean h\u00e0nh tr\u00ecnh \u1ea5y, t\u00f4i \u1edf \u0111\u00e2y, v\u1edbi tr\u00e1i tim r\u1ed9ng m\u1edf.<\/p>\n","protected":false},"excerpt":{"rendered":"<p>L\u00e0 m\u1ed9t nh\u00e0 tham v\u1ea5n \u2013 tr\u1ecb li\u1ec7u t\u00e2m l\u00fd, t\u00f4i \u0111\u1ebfn v\u1edbi ngh\u1ec1 t\u1eeb m\u1ed9t n\u1ed7i tr\u0103n tr\u1edf gi\u1ea3n d\u1ecb: \u0110i\u1ec1u g\u00ec gi\u1eef cho con ng\u01b0\u1eddi kh\u00f4ng g\u1ee5c ng\u00e3 [&hellip;]<\/p>\n","protected":false},"author":1,"featured_media":1007,"parent":0,"menu_order":0,"comment_status":"closed","ping_status":"closed","template":"v-t-i-template","meta":{"_price":"","_stock":"","_tribe_ticket_header":"","_tribe_default_ticket_provider":"","_ticket_start_date":"","_ticket_end_date":"","_tribe_ticket_show_description":"","_tribe_ticket_show_not_going":false,"_tribe_ticket_use_global_stock":"","_tribe_ticket_global_stock_level":"","_global_stock_mode":"","_global_stock_cap":"","_tribe_rsvp_for_event":"","_tribe_ticket_going_count":"","_tribe_ticket_not_going_count":"","_tribe_tickets_list":"[]","_tribe_ticket_has_attendee_info_fields":false,"_EventAllDay":false,"_EventTimezone":"","_EventStartDate":"","_EventEndDate":"","_EventStartDateUTC":"","_EventEndDateUTC":"","_EventShowMap":false,"_EventShowMapLink":false,"_EventURL":"","_EventCost":"","_EventCostDescription":"","_EventCurrencySymbol":"","_EventCurrencyCode":"","_EventCurrencyPosition":"","_EventDateTimeSeparator":"","_EventTimeRangeSeparator":"","_EventOrganizerID":[],"_EventVenueID":[],"_OrganizerEmail":"","_OrganizerPhone":"","_OrganizerWebsite":"","_VenueAddress":"","_VenueCity":"","_VenueCountry":"","_VenueProvince":"","_VenueState":"","_VenueZip":"","_VenuePhone":"","_VenueURL":"","_VenueStateProvince":"","_VenueLat":"","_VenueLng":"","_VenueShowMap":false,"_VenueShowMapLink":false,"footnotes":"","_tec_slr_enabled":"","_tec_slr_layout":""},"class_list":["post-160","page","type-page","status-publish","has-post-thumbnail","hentry"],"ticketed":false,"_links":{"self":[{"href":"https:\/\/chuyengiatamlyhoanghanh.tamlymienhaidang.com\/index.php\/wp-json\/wp\/v2\/pages\/160","targetHints":{"allow":["GET"]}}],"collection":[{"href":"https:\/\/chuyengiatamlyhoanghanh.tamlymienhaidang.com\/index.php\/wp-json\/wp\/v2\/pages"}],"about":[{"href":"https:\/\/chuyengiatamlyhoanghanh.tamlymienhaidang.com\/index.php\/wp-json\/wp\/v2\/types\/page"}],"author":[{"embeddable":true,"href":"https:\/\/chuyengiatamlyhoanghanh.tamlymienhaidang.com\/index.php\/wp-json\/wp\/v2\/users\/1"}],"replies":[{"embeddable":true,"href":"https:\/\/chuyengiatamlyhoanghanh.tamlymienhaidang.com\/index.php\/wp-json\/wp\/v2\/comments?post=160"}],"version-history":[{"count":3,"href":"https:\/\/chuyengiatamlyhoanghanh.tamlymienhaidang.com\/index.php\/wp-json\/wp\/v2\/pages\/160\/revisions"}],"predecessor-version":[{"id":1104,"href":"https:\/\/chuyengiatamlyhoanghanh.tamlymienhaidang.com\/index.php\/wp-json\/wp\/v2\/pages\/160\/revisions\/1104"}],"wp:featuredmedia":[{"embeddable":true,"href":"https:\/\/chuyengiatamlyhoanghanh.tamlymienhaidang.com\/index.php\/wp-json\/wp\/v2\/media\/1007"}],"wp:attachment":[{"href":"https:\/\/chuyengiatamlyhoanghanh.tamlymienhaidang.com\/index.php\/wp-json\/wp\/v2\/media?parent=160"}],"curies":[{"name":"wp","href":"https:\/\/api.w.org\/{rel}","templated":true}]}}